{"id":104,"date":"2015-09-30T09:25:50","date_gmt":"2015-09-30T09:25:50","guid":{"rendered":"http:\/\/medison.info\/medison\/?page_id=104"},"modified":"2023-04-21T09:37:36","modified_gmt":"2023-04-21T08:37:36","slug":"tlumaczenia","status":"publish","type":"page","link":"https:\/\/medison.info\/medison\/index.php\/tlumaczenia\/","title":{"rendered":"T\u0142umaczenia"},"content":{"rendered":"<p>Wykonujemy t\u0142umaczenia tekst\u00f3w (tak\u017ce t\u0142umaczenia legalizowane) z j\u0119zyka polskiego na angielski i z angielskiego na j\u0119zyk polski. Szczeg\u00f3lnie ch\u0119tnie t\u0142umaczymy dokumentacj\u0119 specjalistycznego sprz\u0119tu i oprogramowania dla os\u00f3b z wadami wzroku.<\/p>\n<p>Zapewniamy najwy\u017csz\u0105 jako\u015b\u0107 t\u0142umacze\u0144, popart\u0105 kilkudziesi\u0119cioletnim do\u015bwiadczeniem, kr\u00f3tkie terminy realizacji zlece\u0144.<\/p>\n<p>W celu uzyskania bardziej szczeg\u00f3\u0142owej informacji prosimy o kontakt telefoniczny pod numerem <strong><a href=\"callto:+48601545875\">601 545 875<\/a><\/strong>.<\/p>\n","protected":false},"excerpt":{"rendered":"<p>Wykonujemy t\u0142umaczenia tekst\u00f3w (tak\u017ce t\u0142umaczenia legalizowane) z j\u0119zyka polskiego na angielski i z angielskiego na j\u0119zyk polski. Szczeg\u00f3lnie ch\u0119tnie t\u0142umaczymy dokumentacj\u0119 specjalistycznego sprz\u0119tu i oprogramowania dla os\u00f3b z wadami wzroku. Zapewniamy najwy\u017csz\u0105 jako\u015b\u0107 t\u0142umacze\u0144, popart\u0105 kilkudziesi\u0119cioletnim do\u015bwiadczeniem, kr\u00f3tkie terminy realizacji zlece\u0144. W celu uzyskania bardziej szczeg\u00f3\u0142owej informacji prosimy o kontakt telefoniczny pod numerem 601 545 [&hellip;]<\/p>\n","protected":false},"author":1,"featured_media":0,"parent":0,"menu_order":3,"comment_status":"closed","ping_status":"closed","template":"","meta":[],"_links":{"self":[{"href":"https:\/\/medison.info\/medison\/index.php\/wp-json\/wp\/v2\/pages\/104"}],"collection":[{"href":"https:\/\/medison.info\/medison\/index.php\/wp-json\/wp\/v2\/pages"}],"about":[{"href":"https:\/\/medison.info\/medison\/index.php\/wp-json\/wp\/v2\/types\/page"}],"author":[{"embeddable":true,"href":"https:\/\/medison.info\/medison\/index.php\/wp-json\/wp\/v2\/users\/1"}],"replies":[{"embeddable":true,"href":"https:\/\/medison.info\/medison\/index.php\/wp-json\/wp\/v2\/comments?post=104"}],"version-history":[{"count":3,"href":"https:\/\/medison.info\/medison\/index.php\/wp-json\/wp\/v2\/pages\/104\/revisions"}],"predecessor-version":[{"id":294,"href":"https:\/\/medison.info\/medison\/index.php\/wp-json\/wp\/v2\/pages\/104\/revisions\/294"}],"wp:attachment":[{"href":"https:\/\/medison.info\/medison\/index.php\/wp-json\/wp\/v2\/media?parent=104"}],"curies":[{"name":"wp","href":"https:\/\/api.w.org\/{rel}","templated":true}]}}