{"id":106,"date":"2015-09-30T09:32:41","date_gmt":"2015-09-30T09:32:41","guid":{"rendered":"http:\/\/medison.info\/medison\/?page_id=106"},"modified":"2023-04-21T09:42:16","modified_gmt":"2023-04-21T08:42:16","slug":"dofinansowania","status":"publish","type":"page","link":"https:\/\/medison.info\/medison\/index.php\/dofinansowania\/","title":{"rendered":"Dofinansowania"},"content":{"rendered":"<p>Specjalistyczne stanowiska komputerowe dla os\u00f3b z dysfunkcj\u0105 wzroku, jak r\u00f3wnie\u017c inne specjalistyczne pomoce dla niewidomych i niedowidz\u0105cych, to urz\u0105dzenia i programy bardzo kosztowne. Na szcz\u0119\u015bcie, mo\u017cliwe jest pozyskiwanie dofinansowa\u0144 ze \u015brodk\u00f3w Pa\u0144stwowego funduszu rehabilitacji os\u00f3b niepe\u0142nosprawnych (PFRON) na zakup tego rodzaju pomocy.<\/p>\n<p>Udzielamy jak najpe\u0142niejszej informacji na temat mo\u017cliwo\u015bci pozyskiwania dofinansowa\u0144, sposobu sk\u0142adania wniosk\u00f3w, trafnego uzasadniania potrzeby uzyskania dofinansowania, itp.<\/p>\n<p>Aby dowiedzie\u0107 si\u0119 wi\u0119cej na ten temat, mo\u017cna si\u0119 z nami kontaktowa\u0107 e-mailem na adres:<\/p>\n<p><a href=\"mailto:wojciech.maj@medison.info\">wojciech.maj@medison.info<\/a><\/p>\n<p>przy pomocy komunikatora <strong>Skype<\/strong>:<\/p>\n<p>Nazwa: <strong><a href=\"callto:medison.wojciech.maj\">medison.wojciech.maj<\/a><\/strong><\/p>\n<p>lub telefonicznie pod naszymi numerami telefon\u00f3w, najkorzystniej pod numerem <strong><a href=\"callto:+48601545875\">601 545 875<\/a><\/strong>.<\/p>\n","protected":false},"excerpt":{"rendered":"<p>Specjalistyczne stanowiska komputerowe dla os\u00f3b z dysfunkcj\u0105 wzroku, jak r\u00f3wnie\u017c inne specjalistyczne pomoce dla niewidomych i niedowidz\u0105cych, to urz\u0105dzenia i programy bardzo kosztowne. Na szcz\u0119\u015bcie, mo\u017cliwe jest pozyskiwanie dofinansowa\u0144 ze \u015brodk\u00f3w Pa\u0144stwowego funduszu rehabilitacji os\u00f3b niepe\u0142nosprawnych (PFRON) na zakup tego rodzaju pomocy. Udzielamy jak najpe\u0142niejszej informacji na temat mo\u017cliwo\u015bci pozyskiwania dofinansowa\u0144, sposobu sk\u0142adania wniosk\u00f3w, trafnego [&hellip;]<\/p>\n","protected":false},"author":1,"featured_media":0,"parent":0,"menu_order":4,"comment_status":"closed","ping_status":"closed","template":"","meta":[],"_links":{"self":[{"href":"https:\/\/medison.info\/medison\/index.php\/wp-json\/wp\/v2\/pages\/106"}],"collection":[{"href":"https:\/\/medison.info\/medison\/index.php\/wp-json\/wp\/v2\/pages"}],"about":[{"href":"https:\/\/medison.info\/medison\/index.php\/wp-json\/wp\/v2\/types\/page"}],"author":[{"embeddable":true,"href":"https:\/\/medison.info\/medison\/index.php\/wp-json\/wp\/v2\/users\/1"}],"replies":[{"embeddable":true,"href":"https:\/\/medison.info\/medison\/index.php\/wp-json\/wp\/v2\/comments?post=106"}],"version-history":[{"count":3,"href":"https:\/\/medison.info\/medison\/index.php\/wp-json\/wp\/v2\/pages\/106\/revisions"}],"predecessor-version":[{"id":296,"href":"https:\/\/medison.info\/medison\/index.php\/wp-json\/wp\/v2\/pages\/106\/revisions\/296"}],"wp:attachment":[{"href":"https:\/\/medison.info\/medison\/index.php\/wp-json\/wp\/v2\/media?parent=106"}],"curies":[{"name":"wp","href":"https:\/\/api.w.org\/{rel}","templated":true}]}}