{"id":110,"date":"2015-09-30T09:45:32","date_gmt":"2015-09-30T09:45:32","guid":{"rendered":"http:\/\/medison.info\/medison\/?page_id=110"},"modified":"2015-10-29T16:34:47","modified_gmt":"2015-10-29T15:34:47","slug":"kontakt","status":"publish","type":"page","link":"https:\/\/medison.info\/medison\/index.php\/kontakt\/","title":{"rendered":"Kontakt"},"content":{"rendered":"<h3 style=\"text-align: center;\">MEDISON Wojciech Maj<\/h3>\n<p style=\"text-align: center;\">ul. Witosa 18<\/p>\n<p style=\"text-align: center;\">25-561 Kielce<\/p>\n<p style=\"text-align: center;\">NIP: 634-002-08-61<\/p>\n<p style=\"text-align: center;\">REGON: 271940859<\/p>\n<p style=\"text-align: center;\">Konto bankowe:<\/p>\n<p style=\"text-align: center;\"><strong>mBank 62 1140 2017 0000 4602 0450 2175<\/strong><\/p>\n<p style=\"text-align: center;\"><strong>Szczeg\u00f3\u0142owe informacje oraz rezerwacje:\u00a0<\/strong><br \/>\n<strong>Agnieszka Janicka-Maj<\/strong><br \/>\n<strong><a href=\"callto:+48695660340\">695 660 340<\/a><\/strong><br \/>\n<strong><a href=\"mailto:rezerwacje@medison.info\" target=\"_blank\">rezerwacje@medison.info<\/a><\/strong><\/p>\n<p style=\"text-align: center;\">lub za po\u015brednictwem serwisu rezerwacyjnego Booking.com\u00a0<a href=\"https:\/\/www.booking.com\/hotel\/pl\/medison.pl.html?label=social_sharecenter_facebook\" target=\"_blank\">klikaj\u0105c tutaj<\/a><\/p>\n<p style=\"text-align: center;\">Szczeg\u00f3\u0142owe informacje dotycz\u0105ce szkole\u0144 pod numerami telefon\u00f3w:<\/p>\n<p style=\"text-align: center;\"><strong><a href=\"callto:+48601545875\">601 545 875<\/a><\/strong><\/p>\n<p style=\"text-align: center;\"><strong><a href=\"callto:+48785058551\">785 058 551<\/a><\/strong><\/p>\n<p style=\"text-align: center;\">oraz drog\u0105 elektroniczn\u0105:<\/p>\n<p style=\"text-align: center;\"><a href=\"mailto:biuro@medison.info\" target=\"_blank\">biuro@medison.info<\/a><\/p>\n<p style=\"text-align: center;\"><a href=\"mailto:wojciech.maj@medison.info\" target=\"_blank\">wojciech.maj@medison.info<\/a><\/p>\n<div class=\"art-layout-cell\" style=\"text-align: center;\">\n<h4 style=\"text-align: left;\">Dojazd komunikacj\u0105 miejsk\u0105:<\/h4>\n<p style=\"text-align: left;\">Z\u00a0przystanku: Czarnowska &#8211; na przeciwko dworca PKS linie nr:<\/p>\n<ul style=\"text-align: left;\">\n<li><a href=\"http:\/\/ztm.kielce.pl\/rozklady\/rozklady\/0007\/0007t003.htm\" target=\"_blank\">7 (kierunek: Zagna\u0144sk szko\u0142a)<\/a><\/li>\n<li><a href=\"http:\/\/ztm.kielce.pl\/rozklady\/rozklady\/0012\/0012t003.htm\">12 (kierunek: Barcza p\u0119tla)<\/a><\/li>\n<\/ul>\n<p style=\"text-align: left;\">Z przystanku: Paderewskiego \/ Sienkiewicza (ok. 300 m. od dworca PKP przez ul. Sienkiewicza) linie:<\/p>\n<ul style=\"text-align: left;\">\n<li><a href=\"http:\/\/ztm.kielce.pl\/rozklady\/rozklady\/0015\/0015t047.htm\" target=\"_top\">15 (kierunek: Os. Sieje)<\/a><\/li>\n<li><a href=\"http:\/\/ztm.kielce.pl\/rozklady\/rozklady\/0103\/0103t040.htm\" target=\"_blank\">103 (kierunek: Os.Sieje)<\/a><\/li>\n<li><a href=\"http:\/\/ztm.kielce.pl\/rozklady\/rozklady\/0111\/0111t061.htm\" target=\"_blank\">111 (kierunek: Szybowcowa)<\/a><\/li>\n<\/ul>\n<p style=\"text-align: left;\">Ponadto linie nr 5 i 104.<\/p>\n<p style=\"text-align: left;\">W przypadku linii 5,7 i 12 nale\u017cy wysi\u0105\u015b\u0107 na przystanku: Warszawska \/ Szybowcowa, natomiast linii 15, 103, 104 i 111 na przystanku Witosa os. D\u0105browa.<\/p>\n<p style=\"text-align: left;\">Linie nr 103, 104 i 111 s\u0105 ud\u017awi\u0119kowione oraz przystosowane do przewozu os\u00f3b niepe\u0142nosprawnych.<\/p>\n<\/div>\n<div class=\"art-content-layout\">\n<div class=\"art-content-layout-row responsive-layout-row-1\">\n<div class=\"art-layout-cell layout-item-1\">\n<p style=\"text-align: center;\">ZAPRASZAMY!<\/p>\n<\/div>\n<\/div>\n<\/div>\n<div class=\"art-content-layout\">\n<div class=\"art-content-layout-row responsive-layout-row-2\">\n<div class=\"art-content-layout\">\n<div class=\"art-content-layout-row responsive-layout-row-2\">\n<div class=\"art-layout-cell layout-item-1\">\n<p style=\"text-align: center;\">Bezp\u0142atny parking<\/p>\n<p><img decoding=\"async\" loading=\"lazy\" class=\"aligncenter\" src=\"https:\/\/medison.info\/ors\/images\/tmpFA82.png\" alt=\"\" width=\"207\" height=\"207\" \/><\/p>\n<\/div>\n<div class=\"art-layout-cell layout-item-1\">\n<p style=\"text-align: center;\">\u015aniadanie w cenie pokoju<\/p>\n<p><img decoding=\"async\" loading=\"lazy\" class=\"aligncenter\" src=\"https:\/\/medison.info\/ors\/images\/tmpB1FF.png\" alt=\"\" width=\"207\" height=\"207\" \/><\/p>\n<\/div>\n<div class=\"art-layout-cell layout-item-1\">\n<p style=\"text-align: center;\">Bezp\u0142atne WiFi<\/p>\n<p><img decoding=\"async\" loading=\"lazy\" class=\"aligncenter\" src=\"https:\/\/medison.info\/ors\/images\/tmpC4A6.png\" alt=\"\" width=\"207\" height=\"207\" \/><\/p>\n<\/div>\n<div class=\"art-layout-cell layout-item-1\">\n<p style=\"text-align: center;\">Akceptujemy p\u0142atno\u015bci kart\u0105<\/p>\n<p><img decoding=\"async\" loading=\"lazy\" class=\"aligncenter\" src=\"https:\/\/medison.info\/ors\/images\/tmpD106.png\" alt=\"\" width=\"207\" height=\"207\" \/><\/p>\n<\/div>\n<\/div>\n<\/div>\n<\/div>\n<\/div>\n<div class=\"art-content-layout\">\n<div class=\"art-content-layout-row responsive-layout-row-1\">\n<div class=\"art-layout-cell layout-item-1\">\n<p style=\"text-align: center;\"><a href=\"https:\/\/www.booking.com\/hotel\/pl\/medison.pl.html?aid=311097;label=medison-U1h_2WfVZ64frVqffGNBbQS62229288396:pl:ta:p1:p2:ac:ap1t1:neg;sid=409ded7c40417babb6cdaaa9ec8d053d;dcid=1;dist=0;srfid=4083e83a2eaa34befd9a9d50d741c6230ea3b544X1;type=total;ucfs=1&amp;#tab-reviews\" target=\"_blank\">Nasz\u0105 najlepsz\u0105 rekomendacj\u0105 s\u0105 opinie naszych go\u015bci.<\/a><\/p>\n<p style=\"text-align: center;\"><a href=\"https:\/\/www.booking.com\/hotel\/pl\/medison.pl.html?aid=311097;label=medison-U1h_2WfVZ64frVqffGNBbQS62229288396:pl:ta:p1:p2:ac:ap1t1:neg;sid=409ded7c40417babb6cdaaa9ec8d053d;dcid=1;dist=0;srfid=4083e83a2eaa34befd9a9d50d741c6230ea3b544X1;type=total;ucfs=1&amp;#tab-reviews\" target=\"_blank\">Sprawdzisz je w serwisie rezerwacyjnym&#8230;<\/a><\/p>\n<p><a href=\"https:\/\/www.booking.com\/hotel\/pl\/medison.pl.html?aid=311097;label=medison-U1h_2WfVZ64frVqffGNBbQS62229288396:pl:ta:p1:p2:ac:ap1t1:neg;sid=409ded7c40417babb6cdaaa9ec8d053d;dcid=4;dist=0;srfid=4083e83a2eaa34befd9a9d50d741c6230ea3b544X1;type=total;ucfs=1&amp;#tab-reviews\" target=\"_blank\"><img decoding=\"async\" loading=\"lazy\" class=\"aligncenter\" src=\"https:\/\/medison.info\/ors\/images\/eb14e4a5bf1b67fc294c8dfcfee5b266c672db4c.png\" alt=\"Booking.com\" width=\"91\" height=\"26\" \/><\/a><\/p>\n<\/div>\n<\/div>\n<\/div>\n","protected":false},"excerpt":{"rendered":"<p>MEDISON Wojciech Maj ul. Witosa 18 25-561 Kielce NIP: 634-002-08-61 REGON: 271940859 Konto bankowe: mBank 62 1140 2017 0000 4602 0450 2175 Szczeg\u00f3\u0142owe informacje oraz rezerwacje:\u00a0 Agnieszka Janicka-Maj 695 660 340 rezerwacje@medison.info lub za po\u015brednictwem serwisu rezerwacyjnego Booking.com\u00a0klikaj\u0105c tutaj Szczeg\u00f3\u0142owe informacje dotycz\u0105ce szkole\u0144 pod numerami telefon\u00f3w: 601 545 875 785 058 551 oraz drog\u0105 elektroniczn\u0105: [&hellip;]<\/p>\n","protected":false},"author":1,"featured_media":0,"parent":0,"menu_order":8,"comment_status":"closed","ping_status":"closed","template":"","meta":[],"_links":{"self":[{"href":"https:\/\/medison.info\/medison\/index.php\/wp-json\/wp\/v2\/pages\/110"}],"collection":[{"href":"https:\/\/medison.info\/medison\/index.php\/wp-json\/wp\/v2\/pages"}],"about":[{"href":"https:\/\/medison.info\/medison\/index.php\/wp-json\/wp\/v2\/types\/page"}],"author":[{"embeddable":true,"href":"https:\/\/medison.info\/medison\/index.php\/wp-json\/wp\/v2\/users\/1"}],"replies":[{"embeddable":true,"href":"https:\/\/medison.info\/medison\/index.php\/wp-json\/wp\/v2\/comments?post=110"}],"version-history":[{"count":12,"href":"https:\/\/medison.info\/medison\/index.php\/wp-json\/wp\/v2\/pages\/110\/revisions"}],"predecessor-version":[{"id":168,"href":"https:\/\/medison.info\/medison\/index.php\/wp-json\/wp\/v2\/pages\/110\/revisions\/168"}],"wp:attachment":[{"href":"https:\/\/medison.info\/medison\/index.php\/wp-json\/wp\/v2\/media?parent=110"}],"curies":[{"name":"wp","href":"https:\/\/api.w.org\/{rel}","templated":true}]}}