{"id":266,"date":"2018-11-18T21:01:32","date_gmt":"2018-11-18T20:01:32","guid":{"rendered":"http:\/\/medison.info\/medison\/?page_id=266"},"modified":"2023-04-21T10:00:13","modified_gmt":"2023-04-21T09:00:13","slug":"polityka-prywatnosci","status":"publish","type":"page","link":"https:\/\/medison.info\/medison\/index.php\/polityka-prywatnosci\/","title":{"rendered":"Polityka prywatno\u015bci"},"content":{"rendered":"\n\n\n<p><strong>POLITYKA PRYWATNO\u015aCI<\/strong><\/p>\n<p><strong>FIRMY MEDISON-WOJCIECH MAJ <\/strong><\/p>\n<p><strong>z siedzib\u0105 w Kielcach,<\/strong><\/p>\n<ol>\n<li><strong> Witosa 18; NIP:6340020861<\/strong><\/li>\n<\/ol>\n<p><strong>\u00a0<\/strong><\/p>\n<p><strong>Informacje og\u00f3lne<\/strong>:<\/p>\n<p>Niniejszy dokument okre\u015bla zasady prywatno\u015bci w Firmie <strong>MEDISON-Wojciech Maj<\/strong>,\u00a0 (dalej jako <strong>&#8222;MEDISON&#8221;<\/strong>). Administratorem danych w firmie\u00a0 MEDISON jest Wojciech Maj prowadz\u0105cy dzia\u0142alno\u015b\u0107 gospodarcz\u0105 pod nazw\u0105 MEDISON-WOJCIECH MAJ wpisan\u0105 do rejestru przedsi\u0119biorc\u00f3w Centralnej Ewidencji i Informacji o Dzia\u0142alno\u015bci Gospodarczej prowadzonej przez Ministra Rozwoju pod adresem ul. Witosa 18, 25-561 Kielce; NIP: 634\u00a0002 08 61, REGON:271940859.<\/p>\n<p><strong>Dane osobowe:<\/strong><\/p>\n<ol>\n<li>Administrator zbiera informacje podane dobrowolnie, przez Klient\u00f3w Firmy MEDISON\/Sklepu Internetowego MEDISON. Ponadto Administrator mo\u017ce zapisa\u0107 informacje o parametrach po\u0142\u0105czenia jak adresy IP w celach technicznych, zwi\u0105zanych z administracj\u0105 serwerami oraz do zbierania og\u00f3lnych, statystycznych informacji demograficznych (np. o regionie, z kt\u00f3rego nast\u0119puje po\u0142\u0105czenie), jak r\u00f3wnie\u017c w celach bezpiecze\u0144stwa.<\/li>\n<li>Dane osobowe zbierane przez Administratora s\u0105 przetwarzane zgodnie z przepisami ustawy z dnia 29 sierpnia 1997 r. o ochronie danych osobowych (Dz.U. 1997 nr 133 poz. 883 z p\u00f3\u017an. zm) i ustawy z dnia 18 lipca 2002 r. o \u015bwiadczeniu us\u0142ug drog\u0105 elektroniczn\u0105 (Dz.U. 2002 nr 144 poz. 1204 z p\u00f3\u017an. zm.) wy\u0142\u0105cznie na podstawie upowa\u017cnienia do przetwarzania danych oraz wy\u0142\u0105cznie w celu realizacji zam\u00f3wienia z\u0142o\u017conego przez Klienta, archiwizacji lub us\u0142ug \u015bwiadczonych drog\u0105 elektroniczn\u0105 przez Administratora oraz w innych celach okre\u015blonych w Regulaminie.<\/li>\n<li>Administrator dok\u0142ada szczeg\u00f3lnych stara\u0144 w celu ochrony prywatno\u015bci i informacji mu przekazanych, a dotycz\u0105cych Klient\u00f3w Firmy MEDISON\/Sklepu Internetowego MEDISON. Administrator z nale\u017cyt\u0105 staranno\u015bci\u0105 dobiera i stosuje odpowiednie \u015brodki techniczne, w tym o charakterze programistycznym i organizacyjnym, zapewniaj\u0105ce ochron\u0119 przetwarzanych danych, w szczeg\u00f3lno\u015bci zabezpiecza dane przed ich udost\u0119pnieniem osobom nieupowa\u017cnionym, ujawnieniem, utraceniem i zniszczeniem, nieuprawnion\u0105 modyfikacj\u0105, jak r\u00f3wnie\u017c przed ich przetwarzaniem z naruszeniem obowi\u0105zuj\u0105cych przepis\u00f3w prawa.<\/li>\n<li>Z uwagi na dobrowolny charakter podania przez klienta swoich danych osobowych, ma on prawo dost\u0119pu do nich , ich poprawiania, a tak\u017ce mo\u017ce zwr\u00f3ci\u0107 si\u0119 do Administratora z \u017c\u0105daniem usuni\u0119cia podanych wcze\u015bniej danych osobowych ze zbior\u00f3w danych prowadzonych przez Administratora, z zastrze\u017ceniem zdania nast\u0119pnego. Administrator mo\u017ce odm\u00f3wi\u0107 usuni\u0119cia danych, je\u017celi Klient swoim dotychczasowym zachowaniem naruszy\u0142 postanowienia niniejszego dokumentu lub Regulaminu b\u0105d\u017a obowi\u0105zuj\u0105ce przepisy prawa, a zachowanie danych jest niezb\u0119dne do wyja\u015bnienia tych okoliczno\u015bci i ustalenia odpowiedzialno\u015bci Klienta.<\/li>\n<li>W przypadku zmiany danych Klienta, kt\u00f3ry dokona\u0142 rejestracji w Firmie MEDISON\/Sklepie Internetowym MEDISON, Klient po zalogowaniu si\u0119 w Sklepie Internetowym mo\u017ce dokona\u0107 ich modyfikacji.<\/li>\n<li>Administrator mo\u017ce powierzy\u0107 przetwarzanie danych osobowych Klient\u00f3w podmiotom trzecim realizuj\u0105cym niekt\u00f3re us\u0142ugi, a w szczeg\u00f3lno\u015bci realizacj\u0119 dostawy zam\u00f3wienia, realizacj\u0119 p\u0142atno\u015bci, badanie poziomu satysfakcji Klient\u00f3w tj.:<\/li>\n<li>Operatorowi systemu p\u0142atno\u015bci on-line firmie Paypal Polska Sp. z o.o. z siedzib\u0105 w Warszawie (ul. Emilii Plater 53, 00-113 Warszawa) jako administratorowi danych, wpisanemu do rejestru przedsi\u0119biorc\u00f3w prowadzonego przez S\u0105d Rejonowy dla m. st. Warszawy w Warszawie, Wydzia\u0142 XII Gospodarczy Krajowego Rejestru S\u0105dowego, pod numerem 0000289372 o kapitale zak\u0142adowym 506.500 z\u0142otych w ca\u0142o\u015bci op\u0142aconym, posiadaj\u0105cym NIP: 5252406419, b\u0119d\u0105cym podmiotem \u015bwiadcz\u0105cym us\u0142ugi p\u0142atnicze w rozumieniu ustawy z dnia 19 sierpnia 2011 roku o us\u0142ugach p\u0142atniczych (Dz. U. 2011.199.1175 ze zm.). Przekazanie dotyczy danych niezb\u0119dnych do zrealizowania p\u0142atno\u015bci przez Paypal Polska, a w szczeg\u00f3lno\u015bci: imi\u0119 i nazwisko, adres poczty elektronicznej, numer telefonu,<\/li>\n<li>W celu zbadania opinii o poziomie zadowolenia klient\u00f3w z przeprowadzonego zakupu lub obj\u0119cia zakup\u00f3w ochron\u0105 kupuj\u0105cego, Trusted Shops GmbH z siedzib\u0105 w Kolonii (50823) przy Subbelrather Strasse 15c wpisana do Rejestru Handlowego prowadzonego przez S\u0105d Rejonowy w Kolonii, Niemcy, pod numerem 32735, posiadaj\u0105ca NIP UE: DE 812 947 877,<\/li>\n<li>Ceneo sp. z o.o. z siedzib\u0105 w Poznaniu (60-166) przy ul. Grunwaldzkiej 182 wpisana do rejestru przedsi\u0119biorc\u00f3w Krajowego Rejestru S\u0105dowego prowadzonego przez S\u0105d Rejonowy Pozna\u0144 \u2013 Nowe Miasto i Wilda w Poznaniu, Wydzia\u0142 VIII Gospodarczy Krajowego Rejestru S\u0105dowego pod numerem KRS 0000493884, posiadaj\u0105ca numer NIP 779-24-20-393 oraz numer REGON 30265547 w celu zbadania opinii o poziomie zadowolenia klient\u00f3w z przeprowadzonego zakupu lub obj\u0119cia zakupu Programem Ochrony Kupuj\u0105cych,<\/li>\n<li>Opineo sp. z o.o. z siedziba we Wroc\u0142awiu (53-333) ul. Powsta\u0144c\u00f3w \u015al\u0105skich 2-4 zarejestrowan\u0105 w rejestrze przedsi\u0119biorc\u00f3w Krajowego Rejestru S\u0105dowego prowadzonym przez S\u0105d Rejonowy dla Wroc\u0142awia \u2013 Fabrycznej we Wroc\u0142awiu VI Wydzia\u0142 Gospodarczy Krajowego Rejestru S\u0105dowego pod numerem KRS 357466 13 w celu zamieszczenia opinii o produktach lub zbadania opinii o poziomie zadowolenia klient\u00f3w z przeprowadzonego zakupu,<\/li>\n<li>Operatorowi systemu p\u0142atno\u015bci mobilnej firmie KRAJOWY INTEGRATOR P\u0141ATNO\u015aCI S. A. z siedzib\u0105 w Poznaniu (ul. \u015aW. MARCIN 73 \/6, 61-808 Pozna\u0144) jako administratorowi danych, wpisanemu do rejestru przedsi\u0119biorc\u00f3w prowadzonego przez S\u0105d Rejonowy Pozna\u0144-Nowe Miasto i Wilda w Poznaniu Wydzia\u0142 VIII Gospodarczy KRS, pod numerem 0000412357, kapita\u0142 zak\u0142adowy 4.798.500,00 PLN (wp\u0142acony w ca\u0142o\u015bci), posiadaj\u0105cym NIP 7773061579, b\u0119d\u0105cym podmiotem \u015bwiadcz\u0105cym us\u0142ugi p\u0142atnicze w rozumieniu ustawy z dnia 19 sierpnia 2011 roku o us\u0142ugach p\u0142atniczych (Dz. U. 2011.199.1175 ze zm.). Przekazanie dotyczy danych niezb\u0119dnych do zrealizowania p\u0142atno\u015bci przez KRAJOWY INTEGRATOR P\u0141ATNO\u015aCI, a w szczeg\u00f3lno\u015bci: imi\u0119 i nazwisko, adres poczty elektronicznej, numer telefonu,<\/li>\n<li>Operatorowi systemu p\u0142atno\u015bci on-line firmie PayPro S.A. z siedzib\u0105 w Poznaniu (ul. Kanclerska 15, 60-327 Pozna\u0144) jako administratorowi danych, wpisanemu do rejestru przedsi\u0119biorc\u00f3w prowadzonego przez S\u0105d Rejonowy Pozna\u0144 \u2013 Nowe Miasto i Wilda w Poznaniu, Wydzia\u0142 VIII Gospodarczy Krajowego Rejestru S\u0105dowego, pod numerem 0000347935, o kapitale zak\u0142adowym 4.500.000 z\u0142otych w ca\u0142o\u015bci op\u0142aconym, posiadaj\u0105cym NIP: 779-236-98-87, b\u0119d\u0105cym podmiotem \u015bwiadcz\u0105cym us\u0142ugi p\u0142atnicze w rozumieniu ustawy z dnia 19 sierpnia 2011 roku o us\u0142ugach p\u0142atniczych (Dz. U. 2011.199.1175 ze zm.). Przekazanie dotyczy danych niezb\u0119dnych do zrealizowania p\u0142atno\u015bci przez PayPro, a w szczeg\u00f3lno\u015bci: imi\u0119 i nazwisko, adres poczty elektronicznej, numer telefonu.<\/li>\n<\/ol>\n","protected":false},"excerpt":{"rendered":"<p>POLITYKA PRYWATNO\u015aCI FIRMY MEDISON-WOJCIECH MAJ z siedzib\u0105 w Kielcach, Witosa 18; NIP:6340020861 \u00a0 Informacje og\u00f3lne: Niniejszy dokument okre\u015bla zasady prywatno\u015bci w Firmie MEDISON-Wojciech Maj,\u00a0 (dalej jako &#8222;MEDISON&#8221;). Administratorem danych w firmie\u00a0 MEDISON jest Wojciech Maj prowadz\u0105cy dzia\u0142alno\u015b\u0107 gospodarcz\u0105 pod nazw\u0105 MEDISON-WOJCIECH MAJ wpisan\u0105 do rejestru przedsi\u0119biorc\u00f3w Centralnej Ewidencji i Informacji o Dzia\u0142alno\u015bci Gospodarczej prowadzonej przez [&hellip;]<\/p>\n","protected":false},"author":1,"featured_media":0,"parent":0,"menu_order":0,"comment_status":"closed","ping_status":"closed","template":"","meta":[],"_links":{"self":[{"href":"https:\/\/medison.info\/medison\/index.php\/wp-json\/wp\/v2\/pages\/266"}],"collection":[{"href":"https:\/\/medison.info\/medison\/index.php\/wp-json\/wp\/v2\/pages"}],"about":[{"href":"https:\/\/medison.info\/medison\/index.php\/wp-json\/wp\/v2\/types\/page"}],"author":[{"embeddable":true,"href":"https:\/\/medison.info\/medison\/index.php\/wp-json\/wp\/v2\/users\/1"}],"replies":[{"embeddable":true,"href":"https:\/\/medison.info\/medison\/index.php\/wp-json\/wp\/v2\/comments?post=266"}],"version-history":[{"count":2,"href":"https:\/\/medison.info\/medison\/index.php\/wp-json\/wp\/v2\/pages\/266\/revisions"}],"predecessor-version":[{"id":302,"href":"https:\/\/medison.info\/medison\/index.php\/wp-json\/wp\/v2\/pages\/266\/revisions\/302"}],"wp:attachment":[{"href":"https:\/\/medison.info\/medison\/index.php\/wp-json\/wp\/v2\/media?parent=266"}],"curies":[{"name":"wp","href":"https:\/\/api.w.org\/{rel}","templated":true}]}}