{"id":78,"date":"2015-09-29T13:41:07","date_gmt":"2015-09-29T13:41:07","guid":{"rendered":"http:\/\/medison.info\/medison\/?page_id=78"},"modified":"2023-04-21T09:32:24","modified_gmt":"2023-04-21T08:32:24","slug":"szkolenia","status":"publish","type":"page","link":"https:\/\/medison.info\/medison\/index.php\/szkolenia\/","title":{"rendered":"Szkolenia w Boutique B&#038;B MEDISON"},"content":{"rendered":"<p>Firma MEDISON od lat prowadzi szkolenia komputerowe, zawodowe oraz rehabilitacyjne, tak podstawowe, jak i bardziej zaawansowane, organizowane zar\u00f3wno indywidualnie jak i grupowo na zlecenie dowolnej osoby czy organizacji.<\/p>\n<p>Zapewniamy wykwalifikowan\u0105 i kompetentn\u0105 kadr\u0119 instruktorsk\u0105, a tak\u017ce &#8211; co nie jest bez znaczenia &#8211; doskona\u0142e warunki zakwaterowania i wy\u017cywienia.<\/p>\n<h3>Oferta szkole\u0144:<\/h3>\n<ol>\n<li>Szkolenia komputerowe dla os\u00f3b niewidomych i s\u0142abowidz\u0105cych:<\/li>\n<\/ol>\n<ul>\n<li>Poziom podstawowy<\/li>\n<li>Poziom zaawansowany<\/li>\n<\/ul>\n<p>Indywidualne szkolenia komputerowe dla os\u00f3b niewidomych realizowane stacjonarnie w o\u015brodku rehabilitacyjno &#8211; treningowym Medison lub on_line obejmuj\u0105ce bezwzrokowe pos\u0142ugiwanie si\u0119 komputerem dzia\u0142aj\u0105cym pod kontrol\u0105 systemu operacyjnego Windows lub Mac OS, pos\u0142ugiwanie sie urz\u0105dzeniami mobilnymi: Iphonem, Ipadem. Pos\u0142ugiwanie si\u0119 specjalnymi pomocami dedykowanymi dla os\u00f3b niewidomych. Celem szkole\u0144 jest uzyskanie przez kursanta praktycznych umiej\u0119tno\u015bci w zakresie u\u017cywania urz\u0105dze\u0144 i program\u00f3w stanowi\u0105cych przedmiot szkolenia.<\/p>\n<p>2. Szkolenia rehabilitacyjne<\/p>\n<ul>\n<li>Kompleksowe wsparcie dla nowo ociemnia\u0142ych<\/li>\n<li>Z zakresu czynno\u015bci dnia codziennego<\/li>\n<li>Wiza\u017cu oraz pracy nad wizerunkiem<\/li>\n<\/ul>\n<p style=\"text-align: center;\">Szczeg\u00f3\u0142owe informacje pod numerami telefon\u00f3w:<\/p>\n<p style=\"text-align: center;\">601 545 875<\/p>\n<p style=\"text-align: center;\">501 395 539<\/p>\n<p style=\"text-align: center;\">oraz drog\u0105 elektroniczn\u0105:<\/p>\n<p style=\"text-align: center;\"><a href=\"mailto:biuro@medison.info\">biuro@medison.info<\/a><\/p>\n<p style=\"text-align: center;\"><a href=\"mailto:wojciech.maj@medison.info\">wojciech.maj@medison.info<\/a><\/p>\n<p style=\"text-align: center;\">ZAPRASZAMY!<\/p>\n<div class=\"art-layout-cell layout-item-0\">\n<h1>Mo\u017ce zainteresuj\u0105 Ci\u0119 r\u00f3wnie\u017c&#8230;<\/h1>\n<\/div>\n<div class=\"art-layout-cell layout-item-0\">\n<h2><img decoding=\"async\" loading=\"lazy\" class=\"aligncenter\" src=\"https:\/\/medison.info\/ors\/images\/Fotolia_28025822_X-05_2.jpg\" alt=\"szkolenia komputerowe od 699 z\u0142\" width=\"225\" height=\"225\" \/><\/h2>\n<h2>Indywidualne kursy komputerowe, tyflotechnologiczne oraz zawodowe wraz z pobytem i wy\u017cywieniem od 699 z\u0142!<\/h2>\n<p style=\"text-align: right;\"><a href=\"https:\/\/medison.info\/medison\/index.php\/szkolenia-komputerowe\">Wi\u0119cej informacji<\/a><\/p>\n<\/div>\n<div class=\"art-layout-cell layout-item-0\">\n<h2><img decoding=\"async\" loading=\"lazy\" class=\"aligncenter\" src=\"https:\/\/medison.info\/ors\/images\/tmpF653_2.png\" alt=\"szkolenia rehabilitacyjne od 699 z\u0142\" width=\"163\" height=\"225\" \/><\/h2>\n<h2>Indywidualne kursy rehabilitacyjne (czynno\u015bci dnia codziennego, wiza\u017c) wraz z pobytem i wy\u017cywieniem od 699 z\u0142!<\/h2>\n<p style=\"text-align: right;\"><a href=\"https:\/\/medison.info\/medison\/index.php\/szkolenia-rehabilitacyjne\">Wi\u0119cej informacji<\/a><\/p>\n<p style=\"text-align: right;\">\n<\/div>\n","protected":false},"excerpt":{"rendered":"<p>Firma MEDISON od lat prowadzi szkolenia komputerowe, zawodowe oraz rehabilitacyjne, tak podstawowe, jak i bardziej zaawansowane, organizowane zar\u00f3wno indywidualnie jak i grupowo na zlecenie dowolnej osoby czy organizacji. Zapewniamy wykwalifikowan\u0105 i kompetentn\u0105 kadr\u0119 instruktorsk\u0105, a tak\u017ce &#8211; co nie jest bez znaczenia &#8211; doskona\u0142e warunki zakwaterowania i wy\u017cywienia. Oferta szkole\u0144: Szkolenia komputerowe dla os\u00f3b niewidomych [&hellip;]<\/p>\n","protected":false},"author":1,"featured_media":0,"parent":0,"menu_order":2,"comment_status":"closed","ping_status":"closed","template":"","meta":[],"_links":{"self":[{"href":"https:\/\/medison.info\/medison\/index.php\/wp-json\/wp\/v2\/pages\/78"}],"collection":[{"href":"https:\/\/medison.info\/medison\/index.php\/wp-json\/wp\/v2\/pages"}],"about":[{"href":"https:\/\/medison.info\/medison\/index.php\/wp-json\/wp\/v2\/types\/page"}],"author":[{"embeddable":true,"href":"https:\/\/medison.info\/medison\/index.php\/wp-json\/wp\/v2\/users\/1"}],"replies":[{"embeddable":true,"href":"https:\/\/medison.info\/medison\/index.php\/wp-json\/wp\/v2\/comments?post=78"}],"version-history":[{"count":8,"href":"https:\/\/medison.info\/medison\/index.php\/wp-json\/wp\/v2\/pages\/78\/revisions"}],"predecessor-version":[{"id":292,"href":"https:\/\/medison.info\/medison\/index.php\/wp-json\/wp\/v2\/pages\/78\/revisions\/292"}],"wp:attachment":[{"href":"https:\/\/medison.info\/medison\/index.php\/wp-json\/wp\/v2\/media?parent=78"}],"curies":[{"name":"wp","href":"https:\/\/api.w.org\/{rel}","templated":true}]}}